{"id":5748,"date":"2015-08-02T18:35:48","date_gmt":"2015-08-02T16:35:48","guid":{"rendered":"http:\/\/www.dechiffre.fr\/annuaire\/?page_id=5748"},"modified":"2017-02-26T10:22:23","modified_gmt":"2017-02-26T09:22:23","slug":"les-sites-refuses","status":"publish","type":"page","link":"https:\/\/www.dechiffre.fr\/annuaire\/les-sites-refuses","title":{"rendered":"Les sites refus\u00e9s"},"content":{"rendered":"<p>Le webmaster ne vous enverra pas de mail pour vous avertir si votre site a \u00e9t\u00e9 accept\u00e9 ou pas. S\u2019il a \u00e9t\u00e9 refus\u00e9, vous pourrez le voir ici.<\/p>\n<p>Afin d&rsquo;\u00eatre le\u00a0plus transparent possible, pour chaque fiche refus\u00e9e, il est indiqu\u00e9 :<\/p>\n<ul>\n<li>le motif du refus<\/li>\n<li>l&rsquo;affichage de la description<\/li>\n<li>l&rsquo;affichage de l&rsquo;url<\/li>\n<li>si la description est dupliqu\u00e9e, un lien affiche les sites utilisant\u00a0une partie ou la totalit\u00e9 de la description\u00a0propos\u00e9e<\/li>\n<\/ul>\n<p>Je vous rappelle que toutes les descriptions sont v\u00e9rifi\u00e9es manuellement.<\/p>\n<p>Voici les derni\u00e8res fiches\u00a0refus\u00e9es par le webmaster.<\/p>\n","protected":false},"excerpt":{"rendered":"<p>Le webmaster ne vous enverra pas de mail pour vous avertir si votre site a \u00e9t\u00e9 accept\u00e9 ou pas. S\u2019il a \u00e9t\u00e9 refus\u00e9, vous pourrez le voir ici. Afin d&rsquo;\u00eatre le\u00a0plus transparent possible, pour chaque fiche refus\u00e9e, il est indiqu\u00e9 : le motif du refus l&rsquo;affichage de la description l&rsquo;affichage de l&rsquo;url si la description [&hellip;]<\/p>\n","protected":false},"author":1,"featured_media":0,"parent":0,"menu_order":0,"comment_status":"closed","ping_status":"closed","template":"pages-refus.php","meta":{"footnotes":""},"class_list":["post-5748","page","type-page","status-publish","hentry"],"_links":{"self":[{"href":"https:\/\/www.dechiffre.fr\/annuaire\/wp-json\/wp\/v2\/pages\/5748","targetHints":{"allow":["GET"]}}],"collection":[{"href":"https:\/\/www.dechiffre.fr\/annuaire\/wp-json\/wp\/v2\/pages"}],"about":[{"href":"https:\/\/www.dechiffre.fr\/annuaire\/wp-json\/wp\/v2\/types\/page"}],"author":[{"embeddable":true,"href":"https:\/\/www.dechiffre.fr\/annuaire\/wp-json\/wp\/v2\/users\/1"}],"replies":[{"embeddable":true,"href":"https:\/\/www.dechiffre.fr\/annuaire\/wp-json\/wp\/v2\/comments?post=5748"}],"version-history":[{"count":0,"href":"https:\/\/www.dechiffre.fr\/annuaire\/wp-json\/wp\/v2\/pages\/5748\/revisions"}],"wp:attachment":[{"href":"https:\/\/www.dechiffre.fr\/annuaire\/wp-json\/wp\/v2\/media?parent=5748"}],"curies":[{"name":"wp","href":"https:\/\/api.w.org\/{rel}","templated":true}]}}